{"id":5,"date":"2018-03-20T19:34:29","date_gmt":"2018-03-20T17:34:29","guid":{"rendered":"http:\/\/mittarengas.fi\/?page_id=5"},"modified":"2026-04-15T15:53:35","modified_gmt":"2026-04-15T12:53:35","slug":"etusivu","status":"publish","type":"page","link":"https:\/\/mittarengas.fi\/","title":{"rendered":"Etusivu"},"content":{"rendered":"<h2><span style=\"color: #000000;\"><strong><em>Tervetuloa<\/em><em> Mittarenkaan kotisivuille!<\/em><\/strong><\/span><\/h2>\n<div class=\"notranslate ESMNde HGLrXd ojE3Fb\">\n<div class=\"q0vns\">\n<div class=\"eqA2re NjwKYd Vwoesf\" aria-hidden=\"true\"><strong>Aukioloajat: <\/strong><\/div>\n<\/div>\n<\/div>\n<p><strong>Arkisin 9.00-17.00<\/strong><\/p>\n<p><span style=\"color: #000000;\"><strong>Lauantai 10.00-14.00<\/strong><\/span><\/p>\n<p><em><strong>Tervetuloa rengaskaupoille ennen hulinaa!<\/strong><\/em><\/p>\n<p>&#8211; muina aikoina sopimuksen mukaan. Tervetuloa!<\/p>\n<p>&#8211; Soita:\u00a0 <a href=\"tel:+358400190999\"><strong>0400 190 999<\/strong><\/a><\/p>\n<p><a href=\"tel:+358400190999\"><img decoding=\"async\" class=\"alignnone wp-image-132 \" src=\"http:\/\/mittarengas.fi\/wp-content\/uploads\/2018\/03\/SoitaSuomi3-227x300.png\" alt=\"\" width=\"162\" height=\"214\" srcset=\"https:\/\/mittarengas.fi\/wp-content\/uploads\/2018\/03\/SoitaSuomi3-227x300.png 227w, https:\/\/mittarengas.fi\/wp-content\/uploads\/2018\/03\/SoitaSuomi3.png 289w\" sizes=\"(max-width: 162px) 85vw, 162px\" \/>Mittatie 21\u00a0 (sis\u00e4piha) Vantaa<\/a><\/p>\n<div class=\"from-biz-owner-content\">\n<h3><\/h3>\n<h3><span style=\"color: #000000;\">Erikoisala<\/span><\/h3>\n<p><strong>Panostamme hyv\u00e4\u00e4n ja yst\u00e4v\u00e4lliseen asiakaspalvelun sek\u00e4 nopeaan<\/strong><br \/>\n<strong>tavaran toimittamiseen my\u00f6s asiakkaan erikoistoiveet huomioon<\/strong><br \/>\n<strong>ottaen.<\/strong><br \/>\n<span style=\"text-decoration: underline;\"><strong>Valikoimastamme l\u00f6yd\u00e4t suomen olosuhteisiin soveltuvat<\/strong><\/span><br \/>\n<span style=\"text-decoration: underline;\"><strong>kes\u00e4renkaat ja talvirenkaat sek\u00e4 vanteet.<\/strong><\/span><\/p>\n<p><strong>P\u00e4\u00e4merkkej\u00e4mme mm. <span style=\"color: #000000;\"><a style=\"color: #000000;\" href=\"https:\/\/www.pirelli.com\/tyres\/en-ww\/car\/homepage?fromComSection=true\">Pirelli<\/a>, <a style=\"color: #000000;\" href=\"https:\/\/www.michelin.fi\/\">Michelin<\/a>, <a style=\"color: #000000;\" href=\"https:\/\/www.nokianrenkaat.fi\/\">Nokian<\/a>, <a style=\"color: #000000;\" href=\"https:\/\/www.continental-tires.com\/fi\/fi.html\">Continental<\/a>, <a style=\"color: #000000;\" href=\"https:\/\/www.bridgestone.fi\/\"><span class=\"st\">Bridgestone<\/span><\/a>, <a style=\"color: #000000;\" href=\"https:\/\/www.hankook.fi\/\">Hankook<\/a>, <a style=\"color: #000000;\" href=\"https:\/\/www.goodyear.eu\/fi_fi\/consumer.html\">GoodYear<\/a>, <a style=\"color: #000000;\" href=\"https:\/\/www.pirelli.com\/tyres\/en-ww\/car\/catalogue\/product\/powergy\">Pirelli Powergy<\/a>, <a style=\"color: #000000;\" href=\"https:\/\/www.pirelli.com\/tyres\/en-ww\/car\/tech-and-knowledge\/elect\">Pirelli ELECT.<\/a><\/span>\u00a0 <span style=\"color: #000000;\">Firestone, Sailun.Kumho.<br \/>\n<\/span><\/strong><\/p>\n<p><strong><span class=\"st\">Palveluihimme kuuluu mm.<\/span><\/strong><\/p>\n<p><span style=\"text-decoration: underline;\"><strong><span style=\"font-size: xx-large;\"><span style=\"font-size: large;\">Kevytper\u00e4vaunujen huolto<\/span><span style=\"font-size: large;\"> mm. Laakerit,Renkaat.<\/span><\/span><\/strong><\/span><\/p>\n<p class=\"elementor-heading-title elementor-size-default\"><strong>TPMS rengaspainevalvonta Ohjelmointi,Tunnistimet,Asennus.<br \/>\n<\/strong><\/p>\n<p><strong>Rengashotelli hinta alk.65\u20ac \/kausi,sis\u00e4lt\u00e4\u00e4 pelk\u00e4n s\u00e4ilytyksen.<\/strong><\/p>\n<p><strong><span class=\"st\"><em>Auton otsonointi<\/em> ja hajunpoisto 60\u20ac \/ <\/span>Otsonaattori vuokraus alk.30\u20ac<\/strong><\/p>\n<p><strong>Renkaiden kausivaihto alk.35\u20ac<\/strong><\/p>\n<p><strong>Kauttamme mm.<\/strong><\/p>\n<p><strong>Uudet renkaat ja vanteet<\/strong><\/p>\n<p><strong>K\u00e4ytetyt renkaat ja vanteet<\/strong><\/p>\n<h3><span style=\"color: #000000;\">Historia<\/span><\/h3>\n<p><strong>Yritys perustettu 2013 Tuusulaan ja nyky\u00e4\u00e4n olemme Vantaan Kuninkaanm\u00e4ess\u00e4 Mittatie 21 (sis\u00e4piha) aivan Lahdentien tuntumassa. Helsinki Pavi l\u00e4heisyydess\u00e4.<\/strong><\/p>\n<h3><span style=\"color: #000000;\">Mittarengas kuuluu hyv\u00e4\u00e4n AA-luottoluokkaan.<\/span><\/h3>\n<p><strong>Hyvien kulkuyhteyksien varrella.<\/strong><\/p>\n<p><strong>Tervetuloa kaupoille!<img decoding=\"async\" class=\"alignnone  wp-image-582\" src=\"http:\/\/mittarengas.fi\/wp-content\/uploads\/2020\/03\/BIF2017..jpg\" alt=\"\" width=\"156\" height=\"117\" srcset=\"https:\/\/mittarengas.fi\/wp-content\/uploads\/2020\/03\/BIF2017..jpg 1600w, https:\/\/mittarengas.fi\/wp-content\/uploads\/2020\/03\/BIF2017.-300x225.jpg 300w, https:\/\/mittarengas.fi\/wp-content\/uploads\/2020\/03\/BIF2017.-1024x768.jpg 1024w, https:\/\/mittarengas.fi\/wp-content\/uploads\/2020\/03\/BIF2017.-768x576.jpg 768w, https:\/\/mittarengas.fi\/wp-content\/uploads\/2020\/03\/BIF2017.-1536x1152.jpg 1536w\" sizes=\"(max-width: 156px) 85vw, 156px\" \/>\u00a0 <img fetchpriority=\"high\" decoding=\"async\" class=\"alignnone size-full wp-image-1564\" src=\"https:\/\/mittarengas.fi\/wp-content\/uploads\/2024\/08\/images.jpeg\" alt=\"\" width=\"226\" height=\"223\" \/><br \/>\n<\/strong><\/p>\n<\/div>\n","protected":false},"excerpt":{"rendered":"<p>Tervetuloa Mittarenkaan kotisivuille! Aukioloajat: Arkisin 9.00-17.00 Lauantai 10.00-14.00 Tervetuloa rengaskaupoille ennen hulinaa! &#8211; muina aikoina sopimuksen mukaan. Tervetuloa! &#8211; Soita:\u00a0 0400 190 999 Mittatie 21\u00a0 (sis\u00e4piha) Vantaa Erikoisala Panostamme hyv\u00e4\u00e4n ja yst\u00e4v\u00e4lliseen asiakaspalvelun sek\u00e4 nopeaan tavaran toimittamiseen my\u00f6s asiakkaan erikoistoiveet huomioon ottaen. Valikoimastamme l\u00f6yd\u00e4t suomen olosuhteisiin soveltuvat kes\u00e4renkaat ja talvirenkaat sek\u00e4 vanteet. P\u00e4\u00e4merkkej\u00e4mme mm. Pirelli, &hellip; <a href=\"https:\/\/mittarengas.fi\/\" class=\"more-link\">Continue reading<span class=\"screen-reader-text\"> &#8221;Etusivu&#8221;<\/span><\/a><\/p>\n","protected":false},"author":1,"featured_media":0,"parent":0,"menu_order":1,"comment_status":"closed","ping_status":"closed","template":"","meta":{"footnotes":""},"class_list":["post-5","page","type-page","status-publish","hentry"],"yoast_head":"<!-- This site is optimized with the Yoast SEO plugin v27.4 - https:\/\/yoast.com\/product\/yoast-seo-wordpress\/ -->\n<title>Kes\u00e4renkaat, Talvirenkaat,Vanteet, Vantaa | Mittarengas<\/title>\n<meta name=\"description\" content=\"Tarjoamme laadukkaita palveluita Vantaan rengasliikkeess\u00e4mme. Laajasta rengasvalikoimastamme l\u00f6ytyy esimerkiksi kes\u00e4- ja talvirenkaat sek\u00e4 vanteet. Ota yhteyt\u00e4!\" \/>\n<meta name=\"robots\" content=\"index, follow, max-snippet:-1, max-image-preview:large, max-video-preview:-1\" \/>\n<link rel=\"canonical\" href=\"https:\/\/mittarengas.fi\/\" \/>\n<meta property=\"og:locale\" content=\"fi_FI\" \/>\n<meta property=\"og:type\" content=\"article\" \/>\n<meta property=\"og:title\" content=\"Kes\u00e4renkaat, Talvirenkaat,Vanteet, Vantaa | Mittarengas\" \/>\n<meta property=\"og:description\" content=\"Tarjoamme laadukkaita palveluita Vantaan rengasliikkeess\u00e4mme. Laajasta rengasvalikoimastamme l\u00f6ytyy esimerkiksi kes\u00e4- ja talvirenkaat sek\u00e4 vanteet. Ota yhteyt\u00e4!\" \/>\n<meta property=\"og:url\" content=\"https:\/\/mittarengas.fi\/\" \/>\n<meta property=\"og:site_name\" content=\"Mittarengas\" \/>\n<meta property=\"article:publisher\" content=\"https:\/\/www.facebook.com\/Mittarengas-0400-190-999-444199718985811\" \/>\n<meta property=\"article:modified_time\" content=\"2026-04-15T12:53:35+00:00\" \/>\n<meta property=\"og:image\" content=\"http:\/\/mittarengas.fi\/wp-content\/uploads\/2018\/03\/SoitaSuomi3-227x300.png\" \/>\n<meta name=\"twitter:card\" content=\"summary_large_image\" \/>\n<meta name=\"twitter:label1\" content=\"Arvioitu lukuaika\" \/>\n\t<meta name=\"twitter:data1\" content=\"2 minuuttia\" \/>\n<script type=\"application\/ld+json\" class=\"yoast-schema-graph\">{\"@context\":\"https:\\\/\\\/schema.org\",\"@graph\":[{\"@type\":\"WebPage\",\"@id\":\"https:\\\/\\\/mittarengas.fi\\\/\",\"url\":\"https:\\\/\\\/mittarengas.fi\\\/\",\"name\":\"Kes\u00e4renkaat, Talvirenkaat,Vanteet, Vantaa | Mittarengas\",\"isPartOf\":{\"@id\":\"https:\\\/\\\/mittarengas.fi\\\/#website\"},\"primaryImageOfPage\":{\"@id\":\"https:\\\/\\\/mittarengas.fi\\\/#primaryimage\"},\"image\":{\"@id\":\"https:\\\/\\\/mittarengas.fi\\\/#primaryimage\"},\"thumbnailUrl\":\"http:\\\/\\\/mittarengas.fi\\\/wp-content\\\/uploads\\\/2018\\\/03\\\/SoitaSuomi3-227x300.png\",\"datePublished\":\"2018-03-20T17:34:29+00:00\",\"dateModified\":\"2026-04-15T12:53:35+00:00\",\"description\":\"Tarjoamme laadukkaita palveluita Vantaan rengasliikkeess\u00e4mme. Laajasta rengasvalikoimastamme l\u00f6ytyy esimerkiksi kes\u00e4- ja talvirenkaat sek\u00e4 vanteet. Ota yhteyt\u00e4!\",\"breadcrumb\":{\"@id\":\"https:\\\/\\\/mittarengas.fi\\\/#breadcrumb\"},\"inLanguage\":\"fi\",\"potentialAction\":[{\"@type\":\"ReadAction\",\"target\":[\"https:\\\/\\\/mittarengas.fi\\\/\"]}]},{\"@type\":\"ImageObject\",\"inLanguage\":\"fi\",\"@id\":\"https:\\\/\\\/mittarengas.fi\\\/#primaryimage\",\"url\":\"https:\\\/\\\/mittarengas.fi\\\/wp-content\\\/uploads\\\/2018\\\/03\\\/SoitaSuomi3.png\",\"contentUrl\":\"https:\\\/\\\/mittarengas.fi\\\/wp-content\\\/uploads\\\/2018\\\/03\\\/SoitaSuomi3.png\",\"width\":289,\"height\":382},{\"@type\":\"BreadcrumbList\",\"@id\":\"https:\\\/\\\/mittarengas.fi\\\/#breadcrumb\",\"itemListElement\":[{\"@type\":\"ListItem\",\"position\":1,\"name\":\"Home\",\"item\":\"https:\\\/\\\/mittarengas.fi\\\/\"},{\"@type\":\"ListItem\",\"position\":2,\"name\":\"Etusivu\"}]},{\"@type\":\"WebSite\",\"@id\":\"https:\\\/\\\/mittarengas.fi\\\/#website\",\"url\":\"https:\\\/\\\/mittarengas.fi\\\/\",\"name\":\"Mittarengas\",\"description\":\"Rengasliike\",\"publisher\":{\"@id\":\"https:\\\/\\\/mittarengas.fi\\\/#organization\"},\"potentialAction\":[{\"@type\":\"SearchAction\",\"target\":{\"@type\":\"EntryPoint\",\"urlTemplate\":\"https:\\\/\\\/mittarengas.fi\\\/?s={search_term_string}\"},\"query-input\":{\"@type\":\"PropertyValueSpecification\",\"valueRequired\":true,\"valueName\":\"search_term_string\"}}],\"inLanguage\":\"fi\"},{\"@type\":\"Organization\",\"@id\":\"https:\\\/\\\/mittarengas.fi\\\/#organization\",\"name\":\"Mittarengas\",\"url\":\"https:\\\/\\\/mittarengas.fi\\\/\",\"logo\":{\"@type\":\"ImageObject\",\"inLanguage\":\"fi\",\"@id\":\"https:\\\/\\\/mittarengas.fi\\\/#\\\/schema\\\/logo\\\/image\\\/\",\"url\":\"https:\\\/\\\/mittarengas.fi\\\/wp-content\\\/uploads\\\/2021\\\/02\\\/MittaHelpo.png\",\"contentUrl\":\"https:\\\/\\\/mittarengas.fi\\\/wp-content\\\/uploads\\\/2021\\\/02\\\/MittaHelpo.png\",\"width\":410,\"height\":122,\"caption\":\"Mittarengas\"},\"image\":{\"@id\":\"https:\\\/\\\/mittarengas.fi\\\/#\\\/schema\\\/logo\\\/image\\\/\"},\"sameAs\":[\"https:\\\/\\\/www.facebook.com\\\/Mittarengas-0400-190-999-444199718985811\"]}]}<\/script>\n<!-- \/ Yoast SEO plugin. -->","yoast_head_json":{"title":"Kes\u00e4renkaat, Talvirenkaat,Vanteet, Vantaa | Mittarengas","description":"Tarjoamme laadukkaita palveluita Vantaan rengasliikkeess\u00e4mme. Laajasta rengasvalikoimastamme l\u00f6ytyy esimerkiksi kes\u00e4- ja talvirenkaat sek\u00e4 vanteet. Ota yhteyt\u00e4!","robots":{"index":"index","follow":"follow","max-snippet":"max-snippet:-1","max-image-preview":"max-image-preview:large","max-video-preview":"max-video-preview:-1"},"canonical":"https:\/\/mittarengas.fi\/","og_locale":"fi_FI","og_type":"article","og_title":"Kes\u00e4renkaat, Talvirenkaat,Vanteet, Vantaa | Mittarengas","og_description":"Tarjoamme laadukkaita palveluita Vantaan rengasliikkeess\u00e4mme. Laajasta rengasvalikoimastamme l\u00f6ytyy esimerkiksi kes\u00e4- ja talvirenkaat sek\u00e4 vanteet. Ota yhteyt\u00e4!","og_url":"https:\/\/mittarengas.fi\/","og_site_name":"Mittarengas","article_publisher":"https:\/\/www.facebook.com\/Mittarengas-0400-190-999-444199718985811","article_modified_time":"2026-04-15T12:53:35+00:00","og_image":[{"url":"http:\/\/mittarengas.fi\/wp-content\/uploads\/2018\/03\/SoitaSuomi3-227x300.png","type":"","width":"","height":""}],"twitter_card":"summary_large_image","twitter_misc":{"Arvioitu lukuaika":"2 minuuttia"},"schema":{"@context":"https:\/\/schema.org","@graph":[{"@type":"WebPage","@id":"https:\/\/mittarengas.fi\/","url":"https:\/\/mittarengas.fi\/","name":"Kes\u00e4renkaat, Talvirenkaat,Vanteet, Vantaa | Mittarengas","isPartOf":{"@id":"https:\/\/mittarengas.fi\/#website"},"primaryImageOfPage":{"@id":"https:\/\/mittarengas.fi\/#primaryimage"},"image":{"@id":"https:\/\/mittarengas.fi\/#primaryimage"},"thumbnailUrl":"http:\/\/mittarengas.fi\/wp-content\/uploads\/2018\/03\/SoitaSuomi3-227x300.png","datePublished":"2018-03-20T17:34:29+00:00","dateModified":"2026-04-15T12:53:35+00:00","description":"Tarjoamme laadukkaita palveluita Vantaan rengasliikkeess\u00e4mme. Laajasta rengasvalikoimastamme l\u00f6ytyy esimerkiksi kes\u00e4- ja talvirenkaat sek\u00e4 vanteet. Ota yhteyt\u00e4!","breadcrumb":{"@id":"https:\/\/mittarengas.fi\/#breadcrumb"},"inLanguage":"fi","potentialAction":[{"@type":"ReadAction","target":["https:\/\/mittarengas.fi\/"]}]},{"@type":"ImageObject","inLanguage":"fi","@id":"https:\/\/mittarengas.fi\/#primaryimage","url":"https:\/\/mittarengas.fi\/wp-content\/uploads\/2018\/03\/SoitaSuomi3.png","contentUrl":"https:\/\/mittarengas.fi\/wp-content\/uploads\/2018\/03\/SoitaSuomi3.png","width":289,"height":382},{"@type":"BreadcrumbList","@id":"https:\/\/mittarengas.fi\/#breadcrumb","itemListElement":[{"@type":"ListItem","position":1,"name":"Home","item":"https:\/\/mittarengas.fi\/"},{"@type":"ListItem","position":2,"name":"Etusivu"}]},{"@type":"WebSite","@id":"https:\/\/mittarengas.fi\/#website","url":"https:\/\/mittarengas.fi\/","name":"Mittarengas","description":"Rengasliike","publisher":{"@id":"https:\/\/mittarengas.fi\/#organization"},"potentialAction":[{"@type":"SearchAction","target":{"@type":"EntryPoint","urlTemplate":"https:\/\/mittarengas.fi\/?s={search_term_string}"},"query-input":{"@type":"PropertyValueSpecification","valueRequired":true,"valueName":"search_term_string"}}],"inLanguage":"fi"},{"@type":"Organization","@id":"https:\/\/mittarengas.fi\/#organization","name":"Mittarengas","url":"https:\/\/mittarengas.fi\/","logo":{"@type":"ImageObject","inLanguage":"fi","@id":"https:\/\/mittarengas.fi\/#\/schema\/logo\/image\/","url":"https:\/\/mittarengas.fi\/wp-content\/uploads\/2021\/02\/MittaHelpo.png","contentUrl":"https:\/\/mittarengas.fi\/wp-content\/uploads\/2021\/02\/MittaHelpo.png","width":410,"height":122,"caption":"Mittarengas"},"image":{"@id":"https:\/\/mittarengas.fi\/#\/schema\/logo\/image\/"},"sameAs":["https:\/\/www.facebook.com\/Mittarengas-0400-190-999-444199718985811"]}]}},"_links":{"self":[{"href":"https:\/\/mittarengas.fi\/index.php?rest_route=\/wp\/v2\/pages\/5","targetHints":{"allow":["GET"]}}],"collection":[{"href":"https:\/\/mittarengas.fi\/index.php?rest_route=\/wp\/v2\/pages"}],"about":[{"href":"https:\/\/mittarengas.fi\/index.php?rest_route=\/wp\/v2\/types\/page"}],"author":[{"embeddable":true,"href":"https:\/\/mittarengas.fi\/index.php?rest_route=\/wp\/v2\/users\/1"}],"replies":[{"embeddable":true,"href":"https:\/\/mittarengas.fi\/index.php?rest_route=%2Fwp%2Fv2%2Fcomments&post=5"}],"version-history":[{"count":306,"href":"https:\/\/mittarengas.fi\/index.php?rest_route=\/wp\/v2\/pages\/5\/revisions"}],"predecessor-version":[{"id":1986,"href":"https:\/\/mittarengas.fi\/index.php?rest_route=\/wp\/v2\/pages\/5\/revisions\/1986"}],"wp:attachment":[{"href":"https:\/\/mittarengas.fi\/index.php?rest_route=%2Fwp%2Fv2%2Fmedia&parent=5"}],"curies":[{"name":"wp","href":"https:\/\/api.w.org\/{rel}","templated":true}]}}