{"id":1075,"date":"2022-11-30T14:50:18","date_gmt":"2022-11-30T12:50:18","guid":{"rendered":"https:\/\/mittarengas.fi\/?page_id=1075"},"modified":"2022-12-30T09:43:20","modified_gmt":"2022-12-30T07:43:20","slug":"koti-nouto-noutopalvelu","status":"publish","type":"page","link":"https:\/\/mittarengas.fi\/?page_id=1075","title":{"rendered":"Noutopalvelu"},"content":{"rendered":"\n<h2 class=\"wp-block-heading\">Renkaiden kotiinkuljetus.<\/h2>\n\n\n\n<p>Asiakkaalla on mahdollisuus ostaessaan uuden rengassarjan hy\u00f6dynt\u00e4\u00e4 kotiinkuljetuspalveluamme. Noudamme vanhat ja palautamme uudet renkaat <strong>vanteille asennettuna sek\u00e4 tasapainotettuna<\/strong> <em><u><strong>ilman lis\u00e4maksua<\/strong><\/u><\/em><strong> l\u00e4hialueelta myym\u00e4l\u00e4st\u00e4mme<\/strong>.<\/p>\n\n\n\n<p><strong>Kotiinkuljetuspalvelu ei ole toiminnassa sesonkiaikana.<\/strong><\/p>\n\n\n\n<h2 class=\"wp-block-heading\">Toivomme asiakkaalta:<\/h2>\n\n\n\n<ul class=\"wp-block-list\">\n<li><strong>Renkaat valmiina ulkona sovittuna ajankohtana.<\/strong><\/li>\n\n\n\n<li><strong>Asiakas luovuttamassa sek\u00e4 vastaanottamassa renkaat sovittuna ajankohtana.<\/strong><\/li>\n\n\n\n<li><strong>Mik\u00e4li sinulla her\u00e4si asiasta lis\u00e4kysymyksi\u00e4 voit olla yhteydess\u00e4 myyntiin <a href=\"Tel:+358400190999\">0400-190999<\/a> tai myynti(\u00e4t)mittarengas.fi<\/strong><\/li>\n<\/ul>\n\n\n\n<p class=\"has-medium-font-size\"><strong><em>Nyt<\/em> on <em>hyv\u00e4 aika ostaa kes\u00e4renkaat<\/em> valmiiksi.<\/strong><\/p>\n","protected":false},"excerpt":{"rendered":"<p>Renkaiden kotiinkuljetus. Asiakkaalla on mahdollisuus ostaessaan uuden rengassarjan hy\u00f6dynt\u00e4\u00e4 kotiinkuljetuspalveluamme. Noudamme vanhat ja palautamme uudet renkaat vanteille asennettuna sek\u00e4 tasapainotettuna ilman lis\u00e4maksua l\u00e4hialueelta myym\u00e4l\u00e4st\u00e4mme. Kotiinkuljetuspalvelu ei ole toiminnassa sesonkiaikana. Toivomme asiakkaalta: Nyt on hyv\u00e4 aika ostaa kes\u00e4renkaat valmiiksi.<\/p>\n","protected":false},"author":2,"featured_media":0,"parent":0,"menu_order":0,"comment_status":"closed","ping_status":"closed","template":"","meta":{"footnotes":""},"class_list":["post-1075","page","type-page","status-publish","hentry"],"yoast_head":"<!-- This site is optimized with the Yoast SEO plugin v27.3 - https:\/\/yoast.com\/product\/yoast-seo-wordpress\/ -->\n<title>Noutopalvelu % Mittarengas<\/title>\n<meta name=\"description\" content=\"Renkaiden kotiinkuljetus.2023 alkaen asiakkaalla on mahdollisuus ostaessaan uuden rengassarjan hy\u00f6dynt\u00e4\u00e4 kotiinkuljetuspalveluamme. Noudamme vanhat ja palautamme uudet renkaat vanteille asennettuna sek\u00e4 tasapainotettuna ilman lis\u00e4maksua l\u00e4hialueelta myym\u00e4l\u00e4st\u00e4mme.Kotiinkuljetuspalvelu ei ole toiminnassa sesonkiaikana.Toivomme asiakkaalta:Renkaat valmiina ulkona sovittuna ajankohtana. Asiakas luovuttamassa sek\u00e4 vastaanottamassa renkaat sovittuna ajankohtana. Mik\u00e4li sinulla her\u00e4si asiasta lis\u00e4kysymyksi\u00e4 voit olla yhteydess\u00e4 myyntiin 0400-190999 tai myynti(\u00e4t)mittarengas.fi\" \/>\n<meta name=\"robots\" content=\"index, follow, max-snippet:-1, max-image-preview:large, max-video-preview:-1\" \/>\n<link rel=\"canonical\" href=\"https:\/\/mittarengas.fi\/?page_id=1075\" \/>\n<meta property=\"og:locale\" content=\"fi_FI\" \/>\n<meta property=\"og:type\" content=\"article\" \/>\n<meta property=\"og:title\" content=\"Noutopalvelu % Mittarengas\" \/>\n<meta property=\"og:description\" content=\"Renkaiden kotiinkuljetus.2023 alkaen asiakkaalla on mahdollisuus ostaessaan uuden rengassarjan hy\u00f6dynt\u00e4\u00e4 kotiinkuljetuspalveluamme. Noudamme vanhat ja palautamme uudet renkaat vanteille asennettuna sek\u00e4 tasapainotettuna ilman lis\u00e4maksua l\u00e4hialueelta myym\u00e4l\u00e4st\u00e4mme.Kotiinkuljetuspalvelu ei ole toiminnassa sesonkiaikana.Toivomme asiakkaalta:Renkaat valmiina ulkona sovittuna ajankohtana. Asiakas luovuttamassa sek\u00e4 vastaanottamassa renkaat sovittuna ajankohtana. Mik\u00e4li sinulla her\u00e4si asiasta lis\u00e4kysymyksi\u00e4 voit olla yhteydess\u00e4 myyntiin 0400-190999 tai myynti(\u00e4t)mittarengas.fi\" \/>\n<meta property=\"og:url\" content=\"https:\/\/mittarengas.fi\/?page_id=1075\" \/>\n<meta property=\"og:site_name\" content=\"Mittarengas\" \/>\n<meta property=\"article:publisher\" content=\"https:\/\/www.facebook.com\/Mittarengas-0400-190-999-444199718985811\" \/>\n<meta property=\"article:modified_time\" content=\"2022-12-30T07:43:20+00:00\" \/>\n<meta name=\"twitter:card\" content=\"summary_large_image\" \/>\n<meta name=\"twitter:label1\" content=\"Arvioitu lukuaika\" \/>\n\t<meta name=\"twitter:data1\" content=\"1 minuutti\" \/>\n<script type=\"application\/ld+json\" class=\"yoast-schema-graph\">{\"@context\":\"https:\\\/\\\/schema.org\",\"@graph\":[{\"@type\":\"WebPage\",\"@id\":\"https:\\\/\\\/mittarengas.fi\\\/?page_id=1075\",\"url\":\"https:\\\/\\\/mittarengas.fi\\\/?page_id=1075\",\"name\":\"Noutopalvelu % Mittarengas\",\"isPartOf\":{\"@id\":\"https:\\\/\\\/mittarengas.fi\\\/#website\"},\"datePublished\":\"2022-11-30T12:50:18+00:00\",\"dateModified\":\"2022-12-30T07:43:20+00:00\",\"description\":\"Renkaiden kotiinkuljetus.2023 alkaen asiakkaalla on mahdollisuus ostaessaan uuden rengassarjan hy\u00f6dynt\u00e4\u00e4 kotiinkuljetuspalveluamme. Noudamme vanhat ja palautamme uudet renkaat vanteille asennettuna sek\u00e4 tasapainotettuna ilman lis\u00e4maksua l\u00e4hialueelta myym\u00e4l\u00e4st\u00e4mme.Kotiinkuljetuspalvelu ei ole toiminnassa sesonkiaikana.Toivomme asiakkaalta:Renkaat valmiina ulkona sovittuna ajankohtana. Asiakas luovuttamassa sek\u00e4 vastaanottamassa renkaat sovittuna ajankohtana. Mik\u00e4li sinulla her\u00e4si asiasta lis\u00e4kysymyksi\u00e4 voit olla yhteydess\u00e4 myyntiin 0400-190999 tai myynti(\u00e4t)mittarengas.fi\",\"breadcrumb\":{\"@id\":\"https:\\\/\\\/mittarengas.fi\\\/?page_id=1075#breadcrumb\"},\"inLanguage\":\"fi\",\"potentialAction\":[{\"@type\":\"ReadAction\",\"target\":[\"https:\\\/\\\/mittarengas.fi\\\/?page_id=1075\"]}]},{\"@type\":\"BreadcrumbList\",\"@id\":\"https:\\\/\\\/mittarengas.fi\\\/?page_id=1075#breadcrumb\",\"itemListElement\":[{\"@type\":\"ListItem\",\"position\":1,\"name\":\"Home\",\"item\":\"https:\\\/\\\/mittarengas.fi\\\/\"},{\"@type\":\"ListItem\",\"position\":2,\"name\":\"Noutopalvelu\"}]},{\"@type\":\"WebSite\",\"@id\":\"https:\\\/\\\/mittarengas.fi\\\/#website\",\"url\":\"https:\\\/\\\/mittarengas.fi\\\/\",\"name\":\"Mittarengas\",\"description\":\"Rengasliike\",\"publisher\":{\"@id\":\"https:\\\/\\\/mittarengas.fi\\\/#organization\"},\"potentialAction\":[{\"@type\":\"SearchAction\",\"target\":{\"@type\":\"EntryPoint\",\"urlTemplate\":\"https:\\\/\\\/mittarengas.fi\\\/?s={search_term_string}\"},\"query-input\":{\"@type\":\"PropertyValueSpecification\",\"valueRequired\":true,\"valueName\":\"search_term_string\"}}],\"inLanguage\":\"fi\"},{\"@type\":\"Organization\",\"@id\":\"https:\\\/\\\/mittarengas.fi\\\/#organization\",\"name\":\"Mittarengas\",\"url\":\"https:\\\/\\\/mittarengas.fi\\\/\",\"logo\":{\"@type\":\"ImageObject\",\"inLanguage\":\"fi\",\"@id\":\"https:\\\/\\\/mittarengas.fi\\\/#\\\/schema\\\/logo\\\/image\\\/\",\"url\":\"https:\\\/\\\/mittarengas.fi\\\/wp-content\\\/uploads\\\/2021\\\/02\\\/MittaHelpo.png\",\"contentUrl\":\"https:\\\/\\\/mittarengas.fi\\\/wp-content\\\/uploads\\\/2021\\\/02\\\/MittaHelpo.png\",\"width\":410,\"height\":122,\"caption\":\"Mittarengas\"},\"image\":{\"@id\":\"https:\\\/\\\/mittarengas.fi\\\/#\\\/schema\\\/logo\\\/image\\\/\"},\"sameAs\":[\"https:\\\/\\\/www.facebook.com\\\/Mittarengas-0400-190-999-444199718985811\"]}]}<\/script>\n<!-- \/ Yoast SEO plugin. -->","yoast_head_json":{"title":"Noutopalvelu % Mittarengas","description":"Renkaiden kotiinkuljetus.2023 alkaen asiakkaalla on mahdollisuus ostaessaan uuden rengassarjan hy\u00f6dynt\u00e4\u00e4 kotiinkuljetuspalveluamme. Noudamme vanhat ja palautamme uudet renkaat vanteille asennettuna sek\u00e4 tasapainotettuna ilman lis\u00e4maksua l\u00e4hialueelta myym\u00e4l\u00e4st\u00e4mme.Kotiinkuljetuspalvelu ei ole toiminnassa sesonkiaikana.Toivomme asiakkaalta:Renkaat valmiina ulkona sovittuna ajankohtana. Asiakas luovuttamassa sek\u00e4 vastaanottamassa renkaat sovittuna ajankohtana. Mik\u00e4li sinulla her\u00e4si asiasta lis\u00e4kysymyksi\u00e4 voit olla yhteydess\u00e4 myyntiin 0400-190999 tai myynti(\u00e4t)mittarengas.fi","robots":{"index":"index","follow":"follow","max-snippet":"max-snippet:-1","max-image-preview":"max-image-preview:large","max-video-preview":"max-video-preview:-1"},"canonical":"https:\/\/mittarengas.fi\/?page_id=1075","og_locale":"fi_FI","og_type":"article","og_title":"Noutopalvelu % Mittarengas","og_description":"Renkaiden kotiinkuljetus.2023 alkaen asiakkaalla on mahdollisuus ostaessaan uuden rengassarjan hy\u00f6dynt\u00e4\u00e4 kotiinkuljetuspalveluamme. Noudamme vanhat ja palautamme uudet renkaat vanteille asennettuna sek\u00e4 tasapainotettuna ilman lis\u00e4maksua l\u00e4hialueelta myym\u00e4l\u00e4st\u00e4mme.Kotiinkuljetuspalvelu ei ole toiminnassa sesonkiaikana.Toivomme asiakkaalta:Renkaat valmiina ulkona sovittuna ajankohtana. Asiakas luovuttamassa sek\u00e4 vastaanottamassa renkaat sovittuna ajankohtana. Mik\u00e4li sinulla her\u00e4si asiasta lis\u00e4kysymyksi\u00e4 voit olla yhteydess\u00e4 myyntiin 0400-190999 tai myynti(\u00e4t)mittarengas.fi","og_url":"https:\/\/mittarengas.fi\/?page_id=1075","og_site_name":"Mittarengas","article_publisher":"https:\/\/www.facebook.com\/Mittarengas-0400-190-999-444199718985811","article_modified_time":"2022-12-30T07:43:20+00:00","twitter_card":"summary_large_image","twitter_misc":{"Arvioitu lukuaika":"1 minuutti"},"schema":{"@context":"https:\/\/schema.org","@graph":[{"@type":"WebPage","@id":"https:\/\/mittarengas.fi\/?page_id=1075","url":"https:\/\/mittarengas.fi\/?page_id=1075","name":"Noutopalvelu % Mittarengas","isPartOf":{"@id":"https:\/\/mittarengas.fi\/#website"},"datePublished":"2022-11-30T12:50:18+00:00","dateModified":"2022-12-30T07:43:20+00:00","description":"Renkaiden kotiinkuljetus.2023 alkaen asiakkaalla on mahdollisuus ostaessaan uuden rengassarjan hy\u00f6dynt\u00e4\u00e4 kotiinkuljetuspalveluamme. Noudamme vanhat ja palautamme uudet renkaat vanteille asennettuna sek\u00e4 tasapainotettuna ilman lis\u00e4maksua l\u00e4hialueelta myym\u00e4l\u00e4st\u00e4mme.Kotiinkuljetuspalvelu ei ole toiminnassa sesonkiaikana.Toivomme asiakkaalta:Renkaat valmiina ulkona sovittuna ajankohtana. Asiakas luovuttamassa sek\u00e4 vastaanottamassa renkaat sovittuna ajankohtana. Mik\u00e4li sinulla her\u00e4si asiasta lis\u00e4kysymyksi\u00e4 voit olla yhteydess\u00e4 myyntiin 0400-190999 tai myynti(\u00e4t)mittarengas.fi","breadcrumb":{"@id":"https:\/\/mittarengas.fi\/?page_id=1075#breadcrumb"},"inLanguage":"fi","potentialAction":[{"@type":"ReadAction","target":["https:\/\/mittarengas.fi\/?page_id=1075"]}]},{"@type":"BreadcrumbList","@id":"https:\/\/mittarengas.fi\/?page_id=1075#breadcrumb","itemListElement":[{"@type":"ListItem","position":1,"name":"Home","item":"https:\/\/mittarengas.fi\/"},{"@type":"ListItem","position":2,"name":"Noutopalvelu"}]},{"@type":"WebSite","@id":"https:\/\/mittarengas.fi\/#website","url":"https:\/\/mittarengas.fi\/","name":"Mittarengas","description":"Rengasliike","publisher":{"@id":"https:\/\/mittarengas.fi\/#organization"},"potentialAction":[{"@type":"SearchAction","target":{"@type":"EntryPoint","urlTemplate":"https:\/\/mittarengas.fi\/?s={search_term_string}"},"query-input":{"@type":"PropertyValueSpecification","valueRequired":true,"valueName":"search_term_string"}}],"inLanguage":"fi"},{"@type":"Organization","@id":"https:\/\/mittarengas.fi\/#organization","name":"Mittarengas","url":"https:\/\/mittarengas.fi\/","logo":{"@type":"ImageObject","inLanguage":"fi","@id":"https:\/\/mittarengas.fi\/#\/schema\/logo\/image\/","url":"https:\/\/mittarengas.fi\/wp-content\/uploads\/2021\/02\/MittaHelpo.png","contentUrl":"https:\/\/mittarengas.fi\/wp-content\/uploads\/2021\/02\/MittaHelpo.png","width":410,"height":122,"caption":"Mittarengas"},"image":{"@id":"https:\/\/mittarengas.fi\/#\/schema\/logo\/image\/"},"sameAs":["https:\/\/www.facebook.com\/Mittarengas-0400-190-999-444199718985811"]}]}},"_links":{"self":[{"href":"https:\/\/mittarengas.fi\/index.php?rest_route=\/wp\/v2\/pages\/1075","targetHints":{"allow":["GET"]}}],"collection":[{"href":"https:\/\/mittarengas.fi\/index.php?rest_route=\/wp\/v2\/pages"}],"about":[{"href":"https:\/\/mittarengas.fi\/index.php?rest_route=\/wp\/v2\/types\/page"}],"author":[{"embeddable":true,"href":"https:\/\/mittarengas.fi\/index.php?rest_route=\/wp\/v2\/users\/2"}],"replies":[{"embeddable":true,"href":"https:\/\/mittarengas.fi\/index.php?rest_route=%2Fwp%2Fv2%2Fcomments&post=1075"}],"version-history":[{"count":5,"href":"https:\/\/mittarengas.fi\/index.php?rest_route=\/wp\/v2\/pages\/1075\/revisions"}],"predecessor-version":[{"id":1097,"href":"https:\/\/mittarengas.fi\/index.php?rest_route=\/wp\/v2\/pages\/1075\/revisions\/1097"}],"wp:attachment":[{"href":"https:\/\/mittarengas.fi\/index.php?rest_route=%2Fwp%2Fv2%2Fmedia&parent=1075"}],"curies":[{"name":"wp","href":"https:\/\/api.w.org\/{rel}","templated":true}]}}